{"id":2916,"date":"2026-03-04T19:57:59","date_gmt":"2026-03-04T18:57:59","guid":{"rendered":"https:\/\/labixxa.es\/?post_type=product&#038;p=2916"},"modified":"2026-03-04T19:57:59","modified_gmt":"2026-03-04T18:57:59","slug":"poster-mi-corazon-no-obedece","status":"publish","type":"product","link":"https:\/\/labixxa.es\/en\/product\/poster-mi-corazon-no-obedece\/","title":{"rendered":"P\u00f3ster &#8220;Mi coraz\u00f3n no obedece&#8221;"},"content":{"rendered":"<p>Risograf\u00eda A3<\/p>","protected":false},"excerpt":{"rendered":"<p>Risograf\u00eda A3<\/p>","protected":false},"featured_media":2920,"comment_status":"open","ping_status":"closed","template":"","meta":[],"product_brand":[],"product_cat":[18,22],"product_tag":[],"class_list":{"0":"post-2916","1":"product","2":"type-product","3":"status-publish","4":"has-post-thumbnail","6":"product_cat-laminas","7":"product_cat-poster","9":"first","10":"instock","11":"shipping-taxable","12":"purchasable","13":"product-type-simple"},"_links":{"self":[{"href":"https:\/\/labixxa.es\/en\/wp-json\/wp\/v2\/product\/2916","targetHints":{"allow":["GET"]}}],"collection":[{"href":"https:\/\/labixxa.es\/en\/wp-json\/wp\/v2\/product"}],"about":[{"href":"https:\/\/labixxa.es\/en\/wp-json\/wp\/v2\/types\/product"}],"replies":[{"embeddable":true,"href":"https:\/\/labixxa.es\/en\/wp-json\/wp\/v2\/comments?post=2916"}],"version-history":[{"count":1,"href":"https:\/\/labixxa.es\/en\/wp-json\/wp\/v2\/product\/2916\/revisions"}],"predecessor-version":[{"id":2917,"href":"https:\/\/labixxa.es\/en\/wp-json\/wp\/v2\/product\/2916\/revisions\/2917"}],"wp:featuredmedia":[{"embeddable":true,"href":"https:\/\/labixxa.es\/en\/wp-json\/wp\/v2\/media\/2920"}],"wp:attachment":[{"href":"https:\/\/labixxa.es\/en\/wp-json\/wp\/v2\/media?parent=2916"}],"wp:term":[{"taxonomy":"product_brand","embeddable":true,"href":"https:\/\/labixxa.es\/en\/wp-json\/wp\/v2\/product_brand?post=2916"},{"taxonomy":"product_cat","embeddable":true,"href":"https:\/\/labixxa.es\/en\/wp-json\/wp\/v2\/product_cat?post=2916"},{"taxonomy":"product_tag","embeddable":true,"href":"https:\/\/labixxa.es\/en\/wp-json\/wp\/v2\/product_tag?post=2916"}],"curies":[{"name":"wp","href":"https:\/\/api.w.org\/{rel}","templated":true}]}}