{"id":2757,"date":"2025-11-21T00:48:08","date_gmt":"2025-11-20T23:48:08","guid":{"rendered":"https:\/\/labixxa.es\/?post_type=product&#038;p=2757"},"modified":"2025-12-28T19:13:49","modified_gmt":"2025-12-28T18:13:49","slug":"sudaderas-2","status":"publish","type":"product","link":"https:\/\/labixxa.es\/en\/product\/sudaderas-2\/","title":{"rendered":"Hoodies"},"content":{"rendered":"<p>Es pre-venta, as\u00ed que a\u00fan tardar\u00e1n un rato en salir hacia vuestras casas!<\/p>","protected":false},"excerpt":{"rendered":"<p>Es pre-venta, as\u00ed que a\u00fan tardar\u00e1n un rato en salir hacia vuestras casas!<\/p>","protected":false},"featured_media":2731,"comment_status":"open","ping_status":"closed","template":"","meta":[],"product_brand":[],"product_cat":[17],"product_tag":[],"class_list":{"0":"post-2757","1":"product","2":"type-product","3":"status-publish","4":"has-post-thumbnail","6":"product_cat-camisetas","8":"first","9":"instock","10":"shipping-taxable","11":"purchasable","12":"product-type-variable"},"_links":{"self":[{"href":"https:\/\/labixxa.es\/en\/wp-json\/wp\/v2\/product\/2757","targetHints":{"allow":["GET"]}}],"collection":[{"href":"https:\/\/labixxa.es\/en\/wp-json\/wp\/v2\/product"}],"about":[{"href":"https:\/\/labixxa.es\/en\/wp-json\/wp\/v2\/types\/product"}],"replies":[{"embeddable":true,"href":"https:\/\/labixxa.es\/en\/wp-json\/wp\/v2\/comments?post=2757"}],"version-history":[{"count":2,"href":"https:\/\/labixxa.es\/en\/wp-json\/wp\/v2\/product\/2757\/revisions"}],"predecessor-version":[{"id":2768,"href":"https:\/\/labixxa.es\/en\/wp-json\/wp\/v2\/product\/2757\/revisions\/2768"}],"wp:featuredmedia":[{"embeddable":true,"href":"https:\/\/labixxa.es\/en\/wp-json\/wp\/v2\/media\/2731"}],"wp:attachment":[{"href":"https:\/\/labixxa.es\/en\/wp-json\/wp\/v2\/media?parent=2757"}],"wp:term":[{"taxonomy":"product_brand","embeddable":true,"href":"https:\/\/labixxa.es\/en\/wp-json\/wp\/v2\/product_brand?post=2757"},{"taxonomy":"product_cat","embeddable":true,"href":"https:\/\/labixxa.es\/en\/wp-json\/wp\/v2\/product_cat?post=2757"},{"taxonomy":"product_tag","embeddable":true,"href":"https:\/\/labixxa.es\/en\/wp-json\/wp\/v2\/product_tag?post=2757"}],"curies":[{"name":"wp","href":"https:\/\/api.w.org\/{rel}","templated":true}]}}