{"id":2416,"date":"2025-03-16T10:48:22","date_gmt":"2025-03-16T10:48:22","guid":{"rendered":"https:\/\/labixxa.es\/?post_type=product&#038;p=2416"},"modified":"2026-01-13T16:03:46","modified_gmt":"2026-01-13T15:03:46","slug":"nuevo-risografia-a3","status":"publish","type":"product","link":"https:\/\/labixxa.es\/en\/product\/nuevo-risografia-a3\/","title":{"rendered":"\u00a1Nuevo! Risograf\u00eda A3"},"content":{"rendered":"<p>\u00bfQu\u00e9 es la risograf\u00eda?<\/p>\n<p>Es un <strong>sistema de impresi\u00f3n<\/strong> que parece fruto de la uni\u00f3n entre la serigraf\u00eda y las fotocopias. Lo que diferencia a la risograf\u00eda de la impresi\u00f3n digital es el hecho de que con la risograf\u00eda se pueden emplear <strong>tintas de colores planos<\/strong> como el rosa y naranja fl\u00faor, el amarillo, el negro, el turquesa, etc. Incluso, es posible conseguir diversos tonos gracias a la superposici\u00f3n de las tintas. Y es aqu\u00ed donde la risograf\u00eda presenta similitudes con la serigraf\u00eda porque cada color se tira por separado, empleando adem\u00e1s un rodillo<em> stencil<\/em> para reproducir la imagen original. El aspecto final tiene un toque de \u2018hecho a mano\u2019 similar al que tendr\u00edamos con la serigraf\u00eda.<\/p>","protected":false},"excerpt":{"rendered":"<p>\u00bfQu\u00e9 es la risograf\u00eda? Es un sistema de impresi\u00f3n que parece fruto de la uni\u00f3n entre la serigraf\u00eda y las fotocopias. Lo que diferencia a la risograf\u00eda de la impresi\u00f3n digital es el hecho de que con la risograf\u00eda se pueden emplear tintas de colores planos como el rosa y naranja fl\u00faor, el amarillo, el [&hellip;]<\/p>\n","protected":false},"featured_media":2884,"comment_status":"open","ping_status":"closed","template":"","meta":[],"product_brand":[],"product_cat":[17],"product_tag":[],"class_list":{"0":"post-2416","1":"product","2":"type-product","3":"status-publish","4":"has-post-thumbnail","6":"product_cat-camisetas","8":"first","9":"instock","10":"shipping-taxable","11":"purchasable","12":"product-type-variable"},"_links":{"self":[{"href":"https:\/\/labixxa.es\/en\/wp-json\/wp\/v2\/product\/2416","targetHints":{"allow":["GET"]}}],"collection":[{"href":"https:\/\/labixxa.es\/en\/wp-json\/wp\/v2\/product"}],"about":[{"href":"https:\/\/labixxa.es\/en\/wp-json\/wp\/v2\/types\/product"}],"replies":[{"embeddable":true,"href":"https:\/\/labixxa.es\/en\/wp-json\/wp\/v2\/comments?post=2416"}],"version-history":[{"count":2,"href":"https:\/\/labixxa.es\/en\/wp-json\/wp\/v2\/product\/2416\/revisions"}],"predecessor-version":[{"id":2423,"href":"https:\/\/labixxa.es\/en\/wp-json\/wp\/v2\/product\/2416\/revisions\/2423"}],"wp:featuredmedia":[{"embeddable":true,"href":"https:\/\/labixxa.es\/en\/wp-json\/wp\/v2\/media\/2884"}],"wp:attachment":[{"href":"https:\/\/labixxa.es\/en\/wp-json\/wp\/v2\/media?parent=2416"}],"wp:term":[{"taxonomy":"product_brand","embeddable":true,"href":"https:\/\/labixxa.es\/en\/wp-json\/wp\/v2\/product_brand?post=2416"},{"taxonomy":"product_cat","embeddable":true,"href":"https:\/\/labixxa.es\/en\/wp-json\/wp\/v2\/product_cat?post=2416"},{"taxonomy":"product_tag","embeddable":true,"href":"https:\/\/labixxa.es\/en\/wp-json\/wp\/v2\/product_tag?post=2416"}],"curies":[{"name":"wp","href":"https:\/\/api.w.org\/{rel}","templated":true}]}}