{"id":105,"date":"2021-03-23T12:27:01","date_gmt":"2021-03-23T12:27:01","guid":{"rendered":"https:\/\/labixxa.es\/?post_type=product&#038;p=105"},"modified":"2026-02-12T22:08:46","modified_gmt":"2026-02-12T21:08:46","slug":"parxes","status":"publish","type":"product","link":"https:\/\/labixxa.es\/en\/product\/parxes\/","title":{"rendered":"Parxes"},"content":{"rendered":"<p>Algunos est\u00e1n hechos con t\u00e9cnica de serigraf\u00eda (tinta sobre t\u00e9xtil) y otros con sublimaci\u00f3n (Transferencia de im\u00e1gen sobre t\u00e9xtil)<\/p>\n<p>Serigraf\u00eda: Suavidad radikal b&amp;n, punkicuki, okupa, furiaqueer, dinamita, sororidad, responsabilidad afectiva, pasamonta\u00f1as.<\/p>\n<p>Sublimaci\u00f3n: Los cuidados\u2026, nos acompa\u00f1amos, vulnerabilidad, refugio, procesos, suavidad radikal a color, el amor como la tierra.<\/p>","protected":false},"excerpt":{"rendered":"<p>Algunos est\u00e1n hechos con t\u00e9cnica de serigraf\u00eda (tinta sobre t\u00e9xtil) y otros con sublimaci\u00f3n (Transferencia de im\u00e1gen sobre t\u00e9xtil) Serigraf\u00eda: Suavidad radikal b&amp;n, punkicuki, okupa, furiaqueer, dinamita, sororidad, responsabilidad afectiva, pasamonta\u00f1as. Sublimaci\u00f3n: Los cuidados\u2026, nos acompa\u00f1amos, vulnerabilidad, refugio, procesos, suavidad radikal a color, el amor como la tierra.<\/p>","protected":false},"featured_media":1715,"comment_status":"open","ping_status":"closed","template":"","meta":[],"product_brand":[],"product_cat":[41],"product_tag":[],"class_list":{"0":"post-105","1":"product","2":"type-product","3":"status-publish","4":"has-post-thumbnail","6":"product_cat-parxes","8":"first","9":"instock","10":"shipping-taxable","11":"purchasable","12":"product-type-variable"},"_links":{"self":[{"href":"https:\/\/labixxa.es\/en\/wp-json\/wp\/v2\/product\/105","targetHints":{"allow":["GET"]}}],"collection":[{"href":"https:\/\/labixxa.es\/en\/wp-json\/wp\/v2\/product"}],"about":[{"href":"https:\/\/labixxa.es\/en\/wp-json\/wp\/v2\/types\/product"}],"replies":[{"embeddable":true,"href":"https:\/\/labixxa.es\/en\/wp-json\/wp\/v2\/comments?post=105"}],"version-history":[{"count":3,"href":"https:\/\/labixxa.es\/en\/wp-json\/wp\/v2\/product\/105\/revisions"}],"predecessor-version":[{"id":2512,"href":"https:\/\/labixxa.es\/en\/wp-json\/wp\/v2\/product\/105\/revisions\/2512"}],"wp:featuredmedia":[{"embeddable":true,"href":"https:\/\/labixxa.es\/en\/wp-json\/wp\/v2\/media\/1715"}],"wp:attachment":[{"href":"https:\/\/labixxa.es\/en\/wp-json\/wp\/v2\/media?parent=105"}],"wp:term":[{"taxonomy":"product_brand","embeddable":true,"href":"https:\/\/labixxa.es\/en\/wp-json\/wp\/v2\/product_brand?post=105"},{"taxonomy":"product_cat","embeddable":true,"href":"https:\/\/labixxa.es\/en\/wp-json\/wp\/v2\/product_cat?post=105"},{"taxonomy":"product_tag","embeddable":true,"href":"https:\/\/labixxa.es\/en\/wp-json\/wp\/v2\/product_tag?post=105"}],"curies":[{"name":"wp","href":"https:\/\/api.w.org\/{rel}","templated":true}]}}