{"id":81,"date":"2021-03-17T12:23:24","date_gmt":"2021-03-17T12:23:24","guid":{"rendered":"https:\/\/labixxa.es\/?page_id=81"},"modified":"2025-11-28T09:06:57","modified_gmt":"2025-11-28T08:06:57","slug":"nosotros","status":"publish","type":"page","link":"https:\/\/labixxa.es\/en\/nosotros\/","title":{"rendered":"Nosotras"},"content":{"rendered":"<div data-elementor-type=\"wp-page\" data-elementor-id=\"81\" class=\"elementor elementor-81\" data-elementor-post-type=\"page\">\n\t\t\t\t\t\t<section class=\"elementor-section elementor-top-section elementor-element elementor-element-34f1d17 elementor-section-boxed elementor-section-height-default elementor-section-height-default\" data-id=\"34f1d17\" data-element_type=\"section\" data-e-type=\"section\">\n\t\t\t\t\t\t<div class=\"elementor-container elementor-column-gap-default\">\n\t\t\t\t\t<div class=\"elementor-column elementor-col-50 elementor-top-column elementor-element elementor-element-86c9231\" data-id=\"86c9231\" data-element_type=\"column\" data-e-type=\"column\">\n\t\t\t<div class=\"elementor-widget-wrap elementor-element-populated\">\n\t\t\t\t\t\t<div class=\"elementor-element elementor-element-30e9879 elementor-widget elementor-widget-image\" data-id=\"30e9879\" data-element_type=\"widget\" data-e-type=\"widget\" data-widget_type=\"image.default\">\n\t\t\t\t<div class=\"elementor-widget-container\">\n\t\t\t\t\t\t\t\t\t\t\t\t\t\t\t<img fetchpriority=\"high\" decoding=\"async\" width=\"800\" height=\"752\" src=\"https:\/\/labixxa.es\/wp-content\/uploads\/2025\/11\/IMG_0928-1024x962.jpeg\" class=\"attachment-large size-large wp-image-2796\" alt=\"\" srcset=\"https:\/\/labixxa.es\/wp-content\/uploads\/2025\/11\/IMG_0928-1024x962.jpeg 1024w, https:\/\/labixxa.es\/wp-content\/uploads\/2025\/11\/IMG_0928-300x282.jpeg 300w, https:\/\/labixxa.es\/wp-content\/uploads\/2025\/11\/IMG_0928-768x722.jpeg 768w, https:\/\/labixxa.es\/wp-content\/uploads\/2025\/11\/IMG_0928-1536x1444.jpeg 1536w, https:\/\/labixxa.es\/wp-content\/uploads\/2025\/11\/IMG_0928-2048x1925.jpeg 2048w, https:\/\/labixxa.es\/wp-content\/uploads\/2025\/11\/IMG_0928-13x12.jpeg 13w, https:\/\/labixxa.es\/wp-content\/uploads\/2025\/11\/IMG_0928-600x564.jpeg 600w\" sizes=\"(max-width: 800px) 100vw, 800px\" \/>\t\t\t\t\t\t\t\t\t\t\t\t\t\t\t<\/div>\n\t\t\t\t<\/div>\n\t\t\t\t\t<\/div>\n\t\t<\/div>\n\t\t\t\t<div class=\"elementor-column elementor-col-50 elementor-top-column elementor-element elementor-element-c47b29c\" data-id=\"c47b29c\" data-element_type=\"column\" data-e-type=\"column\">\n\t\t\t<div class=\"elementor-widget-wrap elementor-element-populated\">\n\t\t\t\t\t\t<div class=\"elementor-element elementor-element-85b418b elementor-widget elementor-widget-heading\" data-id=\"85b418b\" data-element_type=\"widget\" data-e-type=\"widget\" data-widget_type=\"heading.default\">\n\t\t\t\t<div class=\"elementor-widget-container\">\n\t\t\t\t\t<h2 class=\"elementor-heading-title elementor-size-default\">\u00a1Hola!<\/h2>\t\t\t\t<\/div>\n\t\t\t\t<\/div>\n\t\t\t\t<div class=\"elementor-element elementor-element-9f0abf8 elementor-widget elementor-widget-text-editor\" data-id=\"9f0abf8\" data-element_type=\"widget\" data-e-type=\"widget\" data-widget_type=\"text-editor.default\">\n\t\t\t\t<div class=\"elementor-widget-container\">\n\t\t\t\t\t\t\t\t\t<p class=\"cvGsUA direction-ltr align-justify para-style-body\"><span class=\"OYPEnA font-feature-liga-off font-feature-clig-off font-feature-calt-off text-decoration-none text-strikethrough-none\">Me llamo In\u00e9s y soy una ilustradora asturiana, especializada en ilustraci\u00f3n editorial, p\u00f3sters y producci\u00f3n gr\u00e1fica.<\/span><\/p><p class=\"cvGsUA direction-ltr align-justify para-style-body\"><span class=\"OYPEnA font-feature-liga-off font-feature-clig-off font-feature-calt-off text-decoration-none text-strikethrough-none\">Ilustro desde lo cotidiano, las emociones, las relaciones interpersonales y con el entorno. Intento aunar el compromiso social con la creaci\u2019on art\u00edstica an trav\u00e9s del mundo natural, las relaciones con el entorno y otras especies y la puesta en valor del apoyo mutuo. Busco poner en el centro lo que a menudo se queda en los m\u00e1rgenes, y planteo lo personal como colectivo y lo \u00edntimo como pol\u00edtico.<\/span><\/p><p class=\"cvGsUA direction-ltr align-justify para-style-body\"><span class=\"OYPEnA font-feature-liga-off font-feature-clig-off font-feature-calt-off text-decoration-none text-strikethrough-none\">Actualmente combino proyectos personales con colaboraciones en \u00e1mbitos editoriales, culturales y sociales.<\/span><\/p><p>Shared tenderness and rage.<\/p><p><span style=\"text-decoration: underline;\">Estudios<\/span><\/p><p>Grado en Bellas Artes por la Universidad de Granada | Septiembre 2018 &#8211; Junio 2022<\/p><p>M\u00e1ster de ilustraci\u00f3n editorial y publicitaria por la escuela de dise\u00f1o LABASAD | Octubre 2024 &#8211; 2025<\/p>\t\t\t\t\t\t\t\t<\/div>\n\t\t\t\t<\/div>\n\t\t\t\t\t<\/div>\n\t\t<\/div>\n\t\t\t\t\t<\/div>\n\t\t<\/section>\n\t\t\t\t<\/div>","protected":false},"excerpt":{"rendered":"<p>\u00a1Hola! Me llamo In\u00e9s y soy una ilustradora asturiana, especializada en ilustraci\u00f3n editorial, p\u00f3sters y producci\u00f3n gr\u00e1fica. Ilustro desde lo cotidiano, las emociones, las relaciones interpersonales y con el entorno. Intento aunar el compromiso social con la creaci\u2019on art\u00edstica an trav\u00e9s del mundo natural, las relaciones con el entorno y otras especies y la puesta [&hellip;]<\/p>\n","protected":false},"author":5,"featured_media":0,"parent":0,"menu_order":0,"comment_status":"closed","ping_status":"closed","template":"elementor_header_footer","meta":{"footnotes":""},"class_list":["post-81","page","type-page","status-publish","hentry"],"_links":{"self":[{"href":"https:\/\/labixxa.es\/en\/wp-json\/wp\/v2\/pages\/81","targetHints":{"allow":["GET"]}}],"collection":[{"href":"https:\/\/labixxa.es\/en\/wp-json\/wp\/v2\/pages"}],"about":[{"href":"https:\/\/labixxa.es\/en\/wp-json\/wp\/v2\/types\/page"}],"author":[{"embeddable":true,"href":"https:\/\/labixxa.es\/en\/wp-json\/wp\/v2\/users\/5"}],"replies":[{"embeddable":true,"href":"https:\/\/labixxa.es\/en\/wp-json\/wp\/v2\/comments?post=81"}],"version-history":[{"count":47,"href":"https:\/\/labixxa.es\/en\/wp-json\/wp\/v2\/pages\/81\/revisions"}],"predecessor-version":[{"id":2799,"href":"https:\/\/labixxa.es\/en\/wp-json\/wp\/v2\/pages\/81\/revisions\/2799"}],"wp:attachment":[{"href":"https:\/\/labixxa.es\/en\/wp-json\/wp\/v2\/media?parent=81"}],"curies":[{"name":"wp","href":"https:\/\/api.w.org\/{rel}","templated":true}]}}